{"id":615,"date":"2022-07-23T13:44:03","date_gmt":"2022-07-23T16:44:03","guid":{"rendered":"https:\/\/www.pontesdeamor.org.br\/portal\/?page_id=615"},"modified":"2023-08-18T10:22:06","modified_gmt":"2023-08-18T13:22:06","slug":"doacao-em-parcela-unica-por-cartao-de-credito","status":"publish","type":"page","link":"https:\/\/www.pontesdeamor.org.br\/portal\/doacao-em-parcela-unica-por-cartao-de-credito\/","title":{"rendered":"Doa\u00e7\u00e3o em parcela \u00fanica por Cart\u00e3o de Cr\u00e9dito"},"content":{"rendered":"\t\t<div data-elementor-type=\"wp-page\" data-elementor-id=\"615\" class=\"elementor elementor-615\" data-elementor-post-type=\"page\">\n\t\t\t\t\t\t<section class=\"elementor-section elementor-top-section elementor-element elementor-element-e7d7cf0 elementor-section-boxed elementor-section-height-default elementor-section-height-default\" data-id=\"e7d7cf0\" data-element_type=\"section\" data-e-type=\"section\">\n\t\t\t\t\t\t<div class=\"elementor-container elementor-column-gap-default\">\n\t\t\t\t\t<div class=\"elementor-column elementor-col-100 elementor-top-column elementor-element elementor-element-711a613d\" data-id=\"711a613d\" data-element_type=\"column\" data-e-type=\"column\">\n\t\t\t<div class=\"elementor-widget-wrap elementor-element-populated\">\n\t\t\t\t\t\t<div class=\"elementor-element elementor-element-45638acf elementor-widget elementor-widget-text-editor\" data-id=\"45638acf\" data-element_type=\"widget\" data-e-type=\"widget\" data-widget_type=\"text-editor.default\">\n\t\t\t\t<div class=\"elementor-widget-container\">\n\t\t\t\t\t\t\t\t\t<p><\/p><table style=\"border-collapse: collapse; width: 100%;\"><tbody><tr><td style=\"width: 40.6516%; background-color: #ffffff; text-align: center; vertical-align: middle;\"><a href=\"http:\/\/link.mercadopago.com.br\/pontesdeamor\"><img fetchpriority=\"high\" decoding=\"async\" src=\"https:\/\/www.pontesdeamor.org.br\/portal\/wp-content\/uploads\/2023\/08\/mercadopago.jpg\" alt=\"\" width=\"864\" height=\"500\" class=\"aligncenter size-full wp-image-1195\" srcset=\"https:\/\/www.pontesdeamor.org.br\/portal\/wp-content\/uploads\/2023\/08\/mercadopago.jpg 864w, https:\/\/www.pontesdeamor.org.br\/portal\/wp-content\/uploads\/2023\/08\/mercadopago-300x174.jpg 300w, https:\/\/www.pontesdeamor.org.br\/portal\/wp-content\/uploads\/2023\/08\/mercadopago-768x444.jpg 768w, https:\/\/www.pontesdeamor.org.br\/portal\/wp-content\/uploads\/2023\/08\/mercadopago-600x347.jpg 600w\" sizes=\"(max-width: 864px) 100vw, 864px\" \/><\/a><\/td><td style=\"width: 59.3484%; vertical-align: middle;\"><p><strong>Clicando no banner ao lado, voc\u00ea ser\u00e1 direcionado ao ambiente de pagamento do Mercado Pago. <\/strong><strong>Escolha o valor desejado e complete todos os passos pelo sistema deles. \u00c9 realmente seguro e sua doa\u00e7\u00e3o ser\u00e1 creditada em nossa conta imediatamente.<\/strong><\/p><p><strong>Desde j\u00e1, agradecemos por apoiar nossas a\u00e7\u00f5es.<\/strong><\/p><\/td><\/tr><\/tbody><\/table>\t\t\t\t\t\t\t\t<\/div>\n\t\t\t\t<\/div>\n\t\t\t\t\t<\/div>\n\t\t<\/div>\n\t\t\t\t\t<\/div>\n\t\t<\/section>\n\t\t\t\t<\/div>\n\t\t","protected":false},"excerpt":{"rendered":"<p>Clicando no banner ao lado, voc\u00ea ser\u00e1 direcionado ao ambiente de pagamento do Mercado Pago. Escolha o valor desejado e complete todos os passos pelo sistema deles. \u00c9 realmente seguro e sua doa\u00e7\u00e3o ser\u00e1 creditada em nossa conta imediatamente. Desde j\u00e1, agradecemos por apoiar nossas a\u00e7\u00f5es.<\/p>\n","protected":false},"author":1,"featured_media":0,"parent":0,"menu_order":0,"comment_status":"closed","ping_status":"closed","template":"","meta":{"footnotes":""},"class_list":["post-615","page","type-page","status-publish","hentry"],"a3_pvc":{"activated":false,"total_views":0,"today_views":0},"wps_subtitle":"","_links":{"self":[{"href":"https:\/\/www.pontesdeamor.org.br\/portal\/wp-json\/wp\/v2\/pages\/615","targetHints":{"allow":["GET"]}}],"collection":[{"href":"https:\/\/www.pontesdeamor.org.br\/portal\/wp-json\/wp\/v2\/pages"}],"about":[{"href":"https:\/\/www.pontesdeamor.org.br\/portal\/wp-json\/wp\/v2\/types\/page"}],"author":[{"embeddable":true,"href":"https:\/\/www.pontesdeamor.org.br\/portal\/wp-json\/wp\/v2\/users\/1"}],"replies":[{"embeddable":true,"href":"https:\/\/www.pontesdeamor.org.br\/portal\/wp-json\/wp\/v2\/comments?post=615"}],"version-history":[{"count":18,"href":"https:\/\/www.pontesdeamor.org.br\/portal\/wp-json\/wp\/v2\/pages\/615\/revisions"}],"predecessor-version":[{"id":1204,"href":"https:\/\/www.pontesdeamor.org.br\/portal\/wp-json\/wp\/v2\/pages\/615\/revisions\/1204"}],"wp:attachment":[{"href":"https:\/\/www.pontesdeamor.org.br\/portal\/wp-json\/wp\/v2\/media?parent=615"}],"curies":[{"name":"wp","href":"https:\/\/api.w.org\/{rel}","templated":true}]}}